{"id":27,"date":"2023-08-24T22:53:48","date_gmt":"2023-08-24T21:53:48","guid":{"rendered":"https:\/\/lerayondordulac.com\/?page_id=27"},"modified":"2026-04-17T15:31:27","modified_gmt":"2026-04-17T13:31:27","slug":"les-parcours-du-weekend","status":"publish","type":"page","link":"https:\/\/lerayondordulac.com\/index.php\/les-parcours-du-weekend\/","title":{"rendered":"Les parcours du weekend !"},"content":{"rendered":"\n<p>De nouveaux parcours sont publi\u00e9s toutes les semaines sur ce site. <\/p>\n\n\n\n<p>Ils sont choisis par un membre du bureau et en fonction de l&rsquo;orientation du vent. <\/p>\n\n\n\n<p>Ils ont \u00e9t\u00e9 \u00e9tablis par les adh\u00e9rents au fil des ann\u00e9es.<\/p>\n\n\n\n<p>En cliquant sur le lien \u00ab\u00a0Acc\u00e9der au d\u00e9tail du parcours\u00a0\u00bb, vous pourrez visualiser le parcours et le t\u00e9l\u00e9charger.<\/p>\n\n\n\n<p><\/p>\n\n\n\n<p><strong><span style=\"text-decoration: underline;\">PARCOURS DU DIMANCHE 19\/04\/2026<\/span><\/strong><\/p>\n\n\n\n<p><\/p>\n\n\n\n<p>Parcours 1 &#8211; Nord Est 14 &#8211; 92 km<\/p>\n\n\n<p><iframe width=\"100%\" height=\"500\" loading=\"lazy\" src=\"https:\/\/www.openrunner.com\/embed.html?code=63752b6a54696332755a4d395730724c6748344f2f652b31545130425167662b6d31353445343453434d773d3a3a7b01ff1fbdded1ae1afab1d115eca144&#038;lang=fr&#038;unit=metric\" style=\"border: none;\"><\/iframe><\/p>\n\n\n\n<p><\/p>\n\n\n\n<p>Parcours 2 &#8211; Nord Est 14 &#8211; 82 km<\/p>\n\n\n<p><iframe width=\"100%\" height=\"500\" loading=\"lazy\" src=\"https:\/\/www.openrunner.com\/embed.html?code=684f526278684c6839612b46324261503934596a666370303733645a32506c4f7168722b697731573555453d3a3a5b9170fae2a59afc826f5dec622f9e18&#038;lang=fr&#038;unit=metric\" style=\"border: none;\"><\/iframe><\/p>\n\n\n\n<p><\/p>\n\n\n\n<p>Parcours 3 &#8211; Nord Est 14 &#8211; 77 km<\/p>\n\n\n<p><iframe width=\"100%\" height=\"500\" loading=\"lazy\" src=\"https:\/\/www.openrunner.com\/embed.html?code=30554c67505069307648372b4b6d6432756a3958667575676c45413655796d4b5363627a61446176764d773d3a3a270cd5f5da7cb440b7488be1fb222e21&#038;lang=fr&#038;unit=metric\" style=\"border: none;\"><\/iframe><\/p>\n\n\n\n<p><\/p>\n\n\n\n<p>Parcours 4 &#8211; <\/p>\n\n\n","protected":false},"excerpt":{"rendered":"<p>De nouveaux parcours sont publi\u00e9s toutes les semaines sur ce site. Ils sont choisis par un membre du bureau et en fonction de l&rsquo;orientation du vent. Ils ont \u00e9t\u00e9 \u00e9tablis &#8230;<\/p>\n","protected":false},"author":1,"featured_media":0,"parent":0,"menu_order":0,"comment_status":"closed","ping_status":"closed","template":"","meta":{"footnotes":""},"_links":{"self":[{"href":"https:\/\/lerayondordulac.com\/index.php\/wp-json\/wp\/v2\/pages\/27"}],"collection":[{"href":"https:\/\/lerayondordulac.com\/index.php\/wp-json\/wp\/v2\/pages"}],"about":[{"href":"https:\/\/lerayondordulac.com\/index.php\/wp-json\/wp\/v2\/types\/page"}],"author":[{"embeddable":true,"href":"https:\/\/lerayondordulac.com\/index.php\/wp-json\/wp\/v2\/users\/1"}],"replies":[{"embeddable":true,"href":"https:\/\/lerayondordulac.com\/index.php\/wp-json\/wp\/v2\/comments?post=27"}],"version-history":[{"count":187,"href":"https:\/\/lerayondordulac.com\/index.php\/wp-json\/wp\/v2\/pages\/27\/revisions"}],"predecessor-version":[{"id":2603,"href":"https:\/\/lerayondordulac.com\/index.php\/wp-json\/wp\/v2\/pages\/27\/revisions\/2603"}],"wp:attachment":[{"href":"https:\/\/lerayondordulac.com\/index.php\/wp-json\/wp\/v2\/media?parent=27"}],"curies":[{"name":"wp","href":"https:\/\/api.w.org\/{rel}","templated":true}]}}